{"id":81,"date":"2020-03-27T19:30:36","date_gmt":"2020-03-27T18:30:36","guid":{"rendered":"https:\/\/www.heimatkreis.com\/wp\/?page_id=81"},"modified":"2020-04-20T19:25:58","modified_gmt":"2020-04-20T17:25:58","slug":"lied-der-alte-turm","status":"publish","type":"page","link":"https:\/\/www.heimatkreis.com\/wp\/lied-der-alte-turm\/","title":{"rendered":"Lied &#8222;Der alte Turm &#8230;&#8220;"},"content":{"rendered":"\n<p><br><\/p>\n\n\n\n<figure class=\"wp-block-image\"><img decoding=\"async\" src=\"https:\/\/www.heimatkreis.com\/img\/der_alte_turm_der_isselstadt.jpg\" alt=\"\"\/><\/figure>\n\n\n\n<p>Anl\u00e4sslich des Kolping-Karneval 1953 erfolgte die Urauff\u00fchrung durch Heinz Biermann und Heinz Carbanje.In Anbetracht der geplanten bzw. durchgef\u00fchrten Renovierung des Turmes (u.a. Zinnenrand durch Kegeldach ersetzt mit<br>Fertigstellung 1968), wurde 1966 eine dritte Strophe getextet. (P\u00fctz\/Biermann)Die hier nun hinterlegte private Tonaufnahme stammt aus 1991. Heinz Biermann, Sohn von Heinrich Biermann, hat das Lied<br>gesungen unter Begleitung von G\u00fcnter Mosch\u00fcring.Aufgenommen 1 x mit Akkordeonbegleitung und 1 x mit elektronischer Orgelbegleitung im Partykeller \u2013 anl\u00e4sslich einer Probe .<\/p>\n\n\n\n<div class=\"wp-block-columns is-layout-flex wp-container-core-columns-is-layout-1 wp-block-columns-is-layout-flex\">\n<div class=\"wp-block-column is-layout-flow wp-block-column-is-layout-flow\" style=\"flex-basis:33.33%\">\n<figure class=\"wp-block-image size-large\"><img loading=\"lazy\" decoding=\"async\" width=\"140\" height=\"140\" src=\"https:\/\/www.heimatkreis.com\/wp\/wp-content\/uploads\/2020\/04\/akkordeon.png\" alt=\"\" class=\"wp-image-1917\"\/><\/figure>\n<\/div>\n\n\n\n<div class=\"wp-block-column is-layout-flow wp-block-column-is-layout-flow\" style=\"flex-basis:66.66%\">\n<p>Lied abspielen<\/p>\n\n\n\n<figure class=\"wp-block-audio\"><audio controls src=\"https:\/\/www.heimatkreis.com\/wp\/wp-content\/uploads\/2020\/04\/Der_alte_Turm.mp3\"><\/audio><\/figure>\n<\/div>\n<\/div>\n\n\n\n<p><strong>Der alte Turm der Isselstadt<br><\/strong>Walzerlied<br>Text Alfred P\u00fctz<br>Musik Heinrich Biermann<\/p>\n\n\n\n<p>1953 Urauff\u00fchrung der 1. und 2. Strophe des Liedes: \u201eDer Alte Turm der Isselstadt\u201c<br>1966 Erg\u00e4nzung um die 3. Strophe<\/p>\n\n\n\n<p><br><strong>Der alte Turm der Isselstadt<\/strong><\/p>\n\n\n\n<p>1. Es wurden so oft besungen die Reben und der Wein,<br>doch selten ein Lied erklungen vom sch\u00f6nen Niederrhein.<br>Es gibt dort eine Stadt, die meine Liebe hat.<\/p>\n\n\n\n<p>): Der alte Turm der Isselstadt so manchen Sturm erlebet hat.<br>Er leise zu uns spricht vergesst mich bitte nicht.<br>Er leise zu uns spricht vergesst mich nicht. \ud83d\ude42<\/p>\n\n\n\n<p><br>2. Und hast du die Welt durchfahren und manchen Sturm erlebt,<br>so muss ich dich ehrlich fragen wohin die Reise geht,<br>nur zu der einen Stadt die meine Liebe hat.<\/p>\n\n\n\n<p>): Der alte Turm &#8230;&#8230;..<\/p>\n\n\n\n<p>3. Nun wollen wir renovieren den Turm der Isselstadt,<br>noch sch\u00f6ner wird er dann zieren das Bild der alten Stadt,<br>auch sch\u00f6n zu jeder Frist, weil du Heimat bist.<\/p>\n\n\n\n<p>): Der alte Turm &#8230;..<\/p>\n\n\n\n<figure class=\"wp-block-image size-large\"><img loading=\"lazy\" decoding=\"async\" width=\"585\" height=\"1000\" src=\"https:\/\/www.heimatkreis.com\/wp\/wp-content\/uploads\/2020\/04\/der_alt_turm_noten_kl.jpg\" alt=\"\" class=\"wp-image-1921\" srcset=\"https:\/\/www.heimatkreis.com\/wp\/wp-content\/uploads\/2020\/04\/der_alt_turm_noten_kl.jpg 585w, https:\/\/www.heimatkreis.com\/wp\/wp-content\/uploads\/2020\/04\/der_alt_turm_noten_kl-176x300.jpg 176w\" sizes=\"auto, (max-width: 585px) 100vw, 585px\" \/><\/figure>\n\n\n\n<p>Isselburg im Februar 2018<br>Klemens Hakvoort<br>GF Heimatkreis Isselburg eV<\/p>\n\n\n\n<p><br><strong>Quellen:<\/strong><br>Jubil\u00e4umsbrosch\u00fcre 50 Jahre Kolping Karneval<br>Jubil\u00e4umsbrosch\u00fcre 100 Jahre Isselburger Blasorchester<br>Textkopien von Fredy Theyssen (Febr. 2018)<br>Tonaufnahme von G\u00fcnter Mosch\u00fcring (Febr. 2018)<br>Pers\u00f6nliche Ausk\u00fcnfte G\u00fcnter Mosch\u00fcring\/Fredy Theyssen (Febr. 2018)<\/p>\n\n\n\n<p><strong>Anmerkung:<\/strong><br>Zum 40-j\u00e4hrigen Kolping-Karneval-Jubil\u00e4um 1989 hat Fredy Theyssen eine Strophe<br>getextet unter Verwendung der Melodie des Turmliedes, die sich aber auf die<br>40 Jahre Kolping-Karneval bezieht:<\/p>\n\n\n\n<p>\u201eWie schnell ist die Zeit vergangen in unsrer Isselstadt.<br>die nun schon seit vielen Jahren hier Kolping-Narren hat.<br>Stolz ruft uns jemand zu: \u201eMacht lang noch weiter so\u201c.<\/p>\n","protected":false},"excerpt":{"rendered":"<p>Anl\u00e4sslich des Kolping-Karneval 1953 erfolgte die Urauff\u00fchrung durch Heinz Biermann und Heinz Carbanje.In Anbetracht der geplanten bzw. durchgef\u00fchrten Renovierung des<\/p>\n","protected":false},"author":1,"featured_media":0,"parent":0,"menu_order":0,"comment_status":"closed","ping_status":"closed","template":"","meta":{"footnotes":"","_links_to":"","_links_to_target":""},"class_list":["post-81","page","type-page","status-publish","hentry"],"yoast_head":"<!-- This site is optimized with the Yoast SEO plugin v24.4 - https:\/\/yoast.com\/wordpress\/plugins\/seo\/ -->\n<title>Lied &quot;Der alte Turm ...&quot; - Heimatkreis Isselburg e.V.<\/title>\n<meta name=\"robots\" content=\"index, follow, max-snippet:-1, max-image-preview:large, max-video-preview:-1\" \/>\n<link rel=\"canonical\" href=\"https:\/\/www.heimatkreis.com\/wp\/lied-der-alte-turm\/\" \/>\n<meta property=\"og:locale\" content=\"de_DE\" \/>\n<meta property=\"og:type\" content=\"article\" \/>\n<meta property=\"og:title\" content=\"Lied &quot;Der alte Turm ...&quot; - Heimatkreis Isselburg e.V.\" \/>\n<meta property=\"og:description\" content=\"Anl\u00e4sslich des Kolping-Karneval 1953 erfolgte die Urauff\u00fchrung durch Heinz Biermann und Heinz Carbanje.In Anbetracht der geplanten bzw. durchgef\u00fchrten Renovierung des\" \/>\n<meta property=\"og:url\" content=\"https:\/\/www.heimatkreis.com\/wp\/lied-der-alte-turm\/\" \/>\n<meta property=\"og:site_name\" content=\"Heimatkreis Isselburg e.V.\" \/>\n<meta property=\"article:modified_time\" content=\"2020-04-20T17:25:58+00:00\" \/>\n<meta property=\"og:image\" content=\"https:\/\/www.heimatkreis.com\/img\/der_alte_turm_der_isselstadt.jpg\" \/>\n<meta name=\"twitter:card\" content=\"summary_large_image\" \/>\n<meta name=\"twitter:label1\" content=\"Gesch\u00e4tzte Lesezeit\" \/>\n\t<meta name=\"twitter:data1\" content=\"2\u00a0Minuten\" \/>\n<script type=\"application\/ld+json\" class=\"yoast-schema-graph\">{\"@context\":\"https:\/\/schema.org\",\"@graph\":[{\"@type\":\"WebPage\",\"@id\":\"https:\/\/www.heimatkreis.com\/wp\/lied-der-alte-turm\/\",\"url\":\"https:\/\/www.heimatkreis.com\/wp\/lied-der-alte-turm\/\",\"name\":\"Lied \\\"Der alte Turm ...\\\" - Heimatkreis Isselburg e.V.\",\"isPartOf\":{\"@id\":\"https:\/\/www.heimatkreis.com\/wp\/#website\"},\"primaryImageOfPage\":{\"@id\":\"https:\/\/www.heimatkreis.com\/wp\/lied-der-alte-turm\/#primaryimage\"},\"image\":{\"@id\":\"https:\/\/www.heimatkreis.com\/wp\/lied-der-alte-turm\/#primaryimage\"},\"thumbnailUrl\":\"https:\/\/www.heimatkreis.com\/img\/der_alte_turm_der_isselstadt.jpg\",\"datePublished\":\"2020-03-27T18:30:36+00:00\",\"dateModified\":\"2020-04-20T17:25:58+00:00\",\"breadcrumb\":{\"@id\":\"https:\/\/www.heimatkreis.com\/wp\/lied-der-alte-turm\/#breadcrumb\"},\"inLanguage\":\"de\",\"potentialAction\":[{\"@type\":\"ReadAction\",\"target\":[\"https:\/\/www.heimatkreis.com\/wp\/lied-der-alte-turm\/\"]}]},{\"@type\":\"ImageObject\",\"inLanguage\":\"de\",\"@id\":\"https:\/\/www.heimatkreis.com\/wp\/lied-der-alte-turm\/#primaryimage\",\"url\":\"https:\/\/www.heimatkreis.com\/img\/der_alte_turm_der_isselstadt.jpg\",\"contentUrl\":\"https:\/\/www.heimatkreis.com\/img\/der_alte_turm_der_isselstadt.jpg\"},{\"@type\":\"BreadcrumbList\",\"@id\":\"https:\/\/www.heimatkreis.com\/wp\/lied-der-alte-turm\/#breadcrumb\",\"itemListElement\":[{\"@type\":\"ListItem\",\"position\":1,\"name\":\"Startseite\",\"item\":\"https:\/\/www.heimatkreis.com\/wp\/\"},{\"@type\":\"ListItem\",\"position\":2,\"name\":\"Lied &#8222;Der alte Turm &#8230;&#8220;\"}]},{\"@type\":\"WebSite\",\"@id\":\"https:\/\/www.heimatkreis.com\/wp\/#website\",\"url\":\"https:\/\/www.heimatkreis.com\/wp\/\",\"name\":\"Heimatkreis Isselburg e.V.\",\"description\":\"\",\"publisher\":{\"@id\":\"https:\/\/www.heimatkreis.com\/wp\/#organization\"},\"potentialAction\":[{\"@type\":\"SearchAction\",\"target\":{\"@type\":\"EntryPoint\",\"urlTemplate\":\"https:\/\/www.heimatkreis.com\/wp\/?s={search_term_string}\"},\"query-input\":{\"@type\":\"PropertyValueSpecification\",\"valueRequired\":true,\"valueName\":\"search_term_string\"}}],\"inLanguage\":\"de\"},{\"@type\":\"Organization\",\"@id\":\"https:\/\/www.heimatkreis.com\/wp\/#organization\",\"name\":\"Heimatkreis Isselburg e.V.\",\"url\":\"https:\/\/www.heimatkreis.com\/wp\/\",\"logo\":{\"@type\":\"ImageObject\",\"inLanguage\":\"de\",\"@id\":\"https:\/\/www.heimatkreis.com\/wp\/#\/schema\/logo\/image\/\",\"url\":\"https:\/\/www.heimatkreis.com\/wp\/wp-content\/uploads\/2020\/03\/logo.png\",\"contentUrl\":\"https:\/\/www.heimatkreis.com\/wp\/wp-content\/uploads\/2020\/03\/logo.png\",\"width\":262,\"height\":310,\"caption\":\"Heimatkreis Isselburg e.V.\"},\"image\":{\"@id\":\"https:\/\/www.heimatkreis.com\/wp\/#\/schema\/logo\/image\/\"}}]}<\/script>\n<!-- \/ Yoast SEO plugin. -->","yoast_head_json":{"title":"Lied \"Der alte Turm ...\" - Heimatkreis Isselburg e.V.","robots":{"index":"index","follow":"follow","max-snippet":"max-snippet:-1","max-image-preview":"max-image-preview:large","max-video-preview":"max-video-preview:-1"},"canonical":"https:\/\/www.heimatkreis.com\/wp\/lied-der-alte-turm\/","og_locale":"de_DE","og_type":"article","og_title":"Lied \"Der alte Turm ...\" - Heimatkreis Isselburg e.V.","og_description":"Anl\u00e4sslich des Kolping-Karneval 1953 erfolgte die Urauff\u00fchrung durch Heinz Biermann und Heinz Carbanje.In Anbetracht der geplanten bzw. durchgef\u00fchrten Renovierung des","og_url":"https:\/\/www.heimatkreis.com\/wp\/lied-der-alte-turm\/","og_site_name":"Heimatkreis Isselburg e.V.","article_modified_time":"2020-04-20T17:25:58+00:00","og_image":[{"url":"https:\/\/www.heimatkreis.com\/img\/der_alte_turm_der_isselstadt.jpg","type":"","width":"","height":""}],"twitter_card":"summary_large_image","twitter_misc":{"Gesch\u00e4tzte Lesezeit":"2\u00a0Minuten"},"schema":{"@context":"https:\/\/schema.org","@graph":[{"@type":"WebPage","@id":"https:\/\/www.heimatkreis.com\/wp\/lied-der-alte-turm\/","url":"https:\/\/www.heimatkreis.com\/wp\/lied-der-alte-turm\/","name":"Lied \"Der alte Turm ...\" - Heimatkreis Isselburg e.V.","isPartOf":{"@id":"https:\/\/www.heimatkreis.com\/wp\/#website"},"primaryImageOfPage":{"@id":"https:\/\/www.heimatkreis.com\/wp\/lied-der-alte-turm\/#primaryimage"},"image":{"@id":"https:\/\/www.heimatkreis.com\/wp\/lied-der-alte-turm\/#primaryimage"},"thumbnailUrl":"https:\/\/www.heimatkreis.com\/img\/der_alte_turm_der_isselstadt.jpg","datePublished":"2020-03-27T18:30:36+00:00","dateModified":"2020-04-20T17:25:58+00:00","breadcrumb":{"@id":"https:\/\/www.heimatkreis.com\/wp\/lied-der-alte-turm\/#breadcrumb"},"inLanguage":"de","potentialAction":[{"@type":"ReadAction","target":["https:\/\/www.heimatkreis.com\/wp\/lied-der-alte-turm\/"]}]},{"@type":"ImageObject","inLanguage":"de","@id":"https:\/\/www.heimatkreis.com\/wp\/lied-der-alte-turm\/#primaryimage","url":"https:\/\/www.heimatkreis.com\/img\/der_alte_turm_der_isselstadt.jpg","contentUrl":"https:\/\/www.heimatkreis.com\/img\/der_alte_turm_der_isselstadt.jpg"},{"@type":"BreadcrumbList","@id":"https:\/\/www.heimatkreis.com\/wp\/lied-der-alte-turm\/#breadcrumb","itemListElement":[{"@type":"ListItem","position":1,"name":"Startseite","item":"https:\/\/www.heimatkreis.com\/wp\/"},{"@type":"ListItem","position":2,"name":"Lied &#8222;Der alte Turm &#8230;&#8220;"}]},{"@type":"WebSite","@id":"https:\/\/www.heimatkreis.com\/wp\/#website","url":"https:\/\/www.heimatkreis.com\/wp\/","name":"Heimatkreis Isselburg e.V.","description":"","publisher":{"@id":"https:\/\/www.heimatkreis.com\/wp\/#organization"},"potentialAction":[{"@type":"SearchAction","target":{"@type":"EntryPoint","urlTemplate":"https:\/\/www.heimatkreis.com\/wp\/?s={search_term_string}"},"query-input":{"@type":"PropertyValueSpecification","valueRequired":true,"valueName":"search_term_string"}}],"inLanguage":"de"},{"@type":"Organization","@id":"https:\/\/www.heimatkreis.com\/wp\/#organization","name":"Heimatkreis Isselburg e.V.","url":"https:\/\/www.heimatkreis.com\/wp\/","logo":{"@type":"ImageObject","inLanguage":"de","@id":"https:\/\/www.heimatkreis.com\/wp\/#\/schema\/logo\/image\/","url":"https:\/\/www.heimatkreis.com\/wp\/wp-content\/uploads\/2020\/03\/logo.png","contentUrl":"https:\/\/www.heimatkreis.com\/wp\/wp-content\/uploads\/2020\/03\/logo.png","width":262,"height":310,"caption":"Heimatkreis Isselburg e.V."},"image":{"@id":"https:\/\/www.heimatkreis.com\/wp\/#\/schema\/logo\/image\/"}}]}},"_links":{"self":[{"href":"https:\/\/www.heimatkreis.com\/wp\/wp-json\/wp\/v2\/pages\/81","targetHints":{"allow":["GET"]}}],"collection":[{"href":"https:\/\/www.heimatkreis.com\/wp\/wp-json\/wp\/v2\/pages"}],"about":[{"href":"https:\/\/www.heimatkreis.com\/wp\/wp-json\/wp\/v2\/types\/page"}],"author":[{"embeddable":true,"href":"https:\/\/www.heimatkreis.com\/wp\/wp-json\/wp\/v2\/users\/1"}],"replies":[{"embeddable":true,"href":"https:\/\/www.heimatkreis.com\/wp\/wp-json\/wp\/v2\/comments?post=81"}],"version-history":[{"count":8,"href":"https:\/\/www.heimatkreis.com\/wp\/wp-json\/wp\/v2\/pages\/81\/revisions"}],"predecessor-version":[{"id":2741,"href":"https:\/\/www.heimatkreis.com\/wp\/wp-json\/wp\/v2\/pages\/81\/revisions\/2741"}],"wp:attachment":[{"href":"https:\/\/www.heimatkreis.com\/wp\/wp-json\/wp\/v2\/media?parent=81"}],"curies":[{"name":"wp","href":"https:\/\/api.w.org\/{rel}","templated":true}]}}